{"id":5162,"date":"2025-11-17T19:03:41","date_gmt":"2025-11-17T19:03:41","guid":{"rendered":"https:\/\/rukapewma.cl\/EGIS\/?page_id=5162"},"modified":"2025-11-17T19:29:24","modified_gmt":"2025-11-17T19:29:24","slug":"prensa","status":"publish","type":"page","link":"https:\/\/rukapewma.cl\/EGIS\/prensa\/","title":{"rendered":"PRENSA"},"content":{"rendered":"<ul class=\"wp-block-latest-posts__list wp-block-latest-posts\"><li><div class=\"wp-block-latest-posts__featured-image alignleft\"><img fetchpriority=\"high\" decoding=\"async\" width=\"300\" height=\"300\" src=\"https:\/\/rukapewma.cl\/EGIS\/wp-content\/uploads\/2026\/03\/2-1-300x300.jpg\" class=\"attachment-medium size-medium wp-post-image\" alt=\"\" style=\"\" srcset=\"https:\/\/rukapewma.cl\/EGIS\/wp-content\/uploads\/2026\/03\/2-1-300x300.jpg 300w, https:\/\/rukapewma.cl\/EGIS\/wp-content\/uploads\/2026\/03\/2-1-1024x1024.jpg 1024w, https:\/\/rukapewma.cl\/EGIS\/wp-content\/uploads\/2026\/03\/2-1-150x150.jpg 150w, https:\/\/rukapewma.cl\/EGIS\/wp-content\/uploads\/2026\/03\/2-1-768x768.jpg 768w, https:\/\/rukapewma.cl\/EGIS\/wp-content\/uploads\/2026\/03\/2-1.jpg 1080w\" sizes=\"(max-width: 300px) 100vw, 300px\" \/><\/div><a class=\"wp-block-latest-posts__post-title\" href=\"https:\/\/rukapewma.cl\/EGIS\/junto-a-la-comunidad-de-lo-espejo-impulsamos-jornada-participativa-para-proyectar-mejoras-en-espacios-publicos\/\">Junto a la comunidad de Lo Espejo impulsamos jornada participativa para proyectar mejoras en espacios p\u00fablicos<\/a><div class=\"wp-block-latest-posts__post-excerpt\">Realizamos una instancia de difusi\u00f3n y participaci\u00f3n ciudadana donde vecinos y vecinas compartieron ideas y necesidades para el futuro mejoramiento de distintos espacios p\u00fablicos del&#8230; <a class=\"wp-block-latest-posts__read-more\" href=\"https:\/\/rukapewma.cl\/EGIS\/junto-a-la-comunidad-de-lo-espejo-impulsamos-jornada-participativa-para-proyectar-mejoras-en-espacios-publicos\/\" rel=\"noopener noreferrer\">Lee m\u00e1s<span class=\"screen-reader-text\">: Junto a la comunidad de Lo Espejo impulsamos jornada participativa para proyectar mejoras en espacios p\u00fablicos<\/span><\/a><\/div><\/li>\n<li><div class=\"wp-block-latest-posts__featured-image alignleft\"><img decoding=\"async\" width=\"300\" height=\"260\" data-src=\"https:\/\/rukapewma.cl\/EGIS\/wp-content\/uploads\/2026\/02\/WhatsApp-Image-2026-02-13-at-9.12.20-AM-e1770986332282-300x260.jpeg\" class=\"attachment-medium size-medium wp-post-image lazyload\" alt=\"\" data-srcset=\"https:\/\/rukapewma.cl\/EGIS\/wp-content\/uploads\/2026\/02\/WhatsApp-Image-2026-02-13-at-9.12.20-AM-e1770986332282-300x260.jpeg 300w, https:\/\/rukapewma.cl\/EGIS\/wp-content\/uploads\/2026\/02\/WhatsApp-Image-2026-02-13-at-9.12.20-AM-e1770986332282-1024x887.jpeg 1024w, https:\/\/rukapewma.cl\/EGIS\/wp-content\/uploads\/2026\/02\/WhatsApp-Image-2026-02-13-at-9.12.20-AM-e1770986332282-768x666.jpeg 768w, https:\/\/rukapewma.cl\/EGIS\/wp-content\/uploads\/2026\/02\/WhatsApp-Image-2026-02-13-at-9.12.20-AM-e1770986332282.jpeg 1200w\" data-sizes=\"(max-width: 300px) 100vw, 300px\" src=\"data:image\/svg+xml;base64,PHN2ZyB3aWR0aD0iMSIgaGVpZ2h0PSIxIiB4bWxucz0iaHR0cDovL3d3dy53My5vcmcvMjAwMC9zdmciPjwvc3ZnPg==\" style=\"--smush-placeholder-width: 300px; --smush-placeholder-aspect-ratio: 300\/260;\" \/><\/div><a class=\"wp-block-latest-posts__post-title\" href=\"https:\/\/rukapewma.cl\/EGIS\/iniciamos-obras-en-brisas-algarrobinas-y-villa-los-claveles-i-en-algarrobo\/\">Iniciamos obras en Brisas Algarrobinas y Villa Los Claveles I en Algarrobo<\/a><div class=\"wp-block-latest-posts__post-excerpt\">En Rukapewma dimos inicio a obras en dos importantes barrios de la comuna de Algarrobo: Brisas Algarrobinas y Villa Los Claveles I, marcando un hito&#8230; <a class=\"wp-block-latest-posts__read-more\" href=\"https:\/\/rukapewma.cl\/EGIS\/iniciamos-obras-en-brisas-algarrobinas-y-villa-los-claveles-i-en-algarrobo\/\" rel=\"noopener noreferrer\">Lee m\u00e1s<span class=\"screen-reader-text\">: Iniciamos obras en Brisas Algarrobinas y Villa Los Claveles I en Algarrobo<\/span><\/a><\/div><\/li>\n<li><div class=\"wp-block-latest-posts__featured-image alignleft\"><img decoding=\"async\" width=\"300\" height=\"225\" data-src=\"https:\/\/rukapewma.cl\/EGIS\/wp-content\/uploads\/2026\/02\/8-1-300x225.jpeg\" class=\"attachment-medium size-medium wp-post-image lazyload\" alt=\"\" data-srcset=\"https:\/\/rukapewma.cl\/EGIS\/wp-content\/uploads\/2026\/02\/8-1-300x225.jpeg 300w, https:\/\/rukapewma.cl\/EGIS\/wp-content\/uploads\/2026\/02\/8-1-1024x768.jpeg 1024w, https:\/\/rukapewma.cl\/EGIS\/wp-content\/uploads\/2026\/02\/8-1-768x576.jpeg 768w, https:\/\/rukapewma.cl\/EGIS\/wp-content\/uploads\/2026\/02\/8-1-1536x1152.jpeg 1536w, https:\/\/rukapewma.cl\/EGIS\/wp-content\/uploads\/2026\/02\/8-1-e1770811740243.jpeg 500w\" data-sizes=\"(max-width: 300px) 100vw, 300px\" src=\"data:image\/svg+xml;base64,PHN2ZyB3aWR0aD0iMSIgaGVpZ2h0PSIxIiB4bWxucz0iaHR0cDovL3d3dy53My5vcmcvMjAwMC9zdmciPjwvc3ZnPg==\" style=\"--smush-placeholder-width: 300px; --smush-placeholder-aspect-ratio: 300\/225;\" \/><\/div><a class=\"wp-block-latest-posts__post-title\" href=\"https:\/\/rukapewma.cl\/EGIS\/inicio-de-obra-en-emblematica-poblacion-maria-eilers-de-cerro-placeres\/\">Inicio de obra en emblem\u00e1tica poblaci\u00f3n Mar\u00eda Eilers de Cerro Placeres<\/a><div class=\"wp-block-latest-posts__post-excerpt\">Tras d\u00e9cadas de trabajo comunitario, vecinos y autoridades dieron el vamos oficial a un proyecto que rescata la historia e identidad de uno de los&#8230; <a class=\"wp-block-latest-posts__read-more\" href=\"https:\/\/rukapewma.cl\/EGIS\/inicio-de-obra-en-emblematica-poblacion-maria-eilers-de-cerro-placeres\/\" rel=\"noopener noreferrer\">Lee m\u00e1s<span class=\"screen-reader-text\">: Inicio de obra en emblem\u00e1tica poblaci\u00f3n Mar\u00eda Eilers de Cerro Placeres<\/span><\/a><\/div><\/li>\n<li><div class=\"wp-block-latest-posts__featured-image alignleft\"><img decoding=\"async\" width=\"300\" height=\"270\" data-src=\"https:\/\/rukapewma.cl\/EGIS\/wp-content\/uploads\/2025\/11\/IMG_6939-300x270.jpg\" class=\"attachment-medium size-medium wp-post-image lazyload\" alt=\"Nominados a los Premios Aporte Urbano 2025\" data-srcset=\"https:\/\/rukapewma.cl\/EGIS\/wp-content\/uploads\/2025\/11\/IMG_6939-300x270.jpg 300w, https:\/\/rukapewma.cl\/EGIS\/wp-content\/uploads\/2025\/11\/IMG_6939-768x690.jpg 768w, https:\/\/rukapewma.cl\/EGIS\/wp-content\/uploads\/2025\/11\/IMG_6939.jpg 828w\" data-sizes=\"(max-width: 300px) 100vw, 300px\" src=\"data:image\/svg+xml;base64,PHN2ZyB3aWR0aD0iMSIgaGVpZ2h0PSIxIiB4bWxucz0iaHR0cDovL3d3dy53My5vcmcvMjAwMC9zdmciPjwvc3ZnPg==\" style=\"--smush-placeholder-width: 300px; --smush-placeholder-aspect-ratio: 300\/270;\" \/><\/div><a class=\"wp-block-latest-posts__post-title\" href=\"https:\/\/rukapewma.cl\/EGIS\/rukapewma-nominada-al-premio-aporte-urbano-pau-2025-por-circuito-de-espacios-publicos-en-barrio-artificio\/\">RUKAPEWMA nominada al Premio Aporte Urbano (PAU) 2025 por Circuito de Espacios P\u00fablicos en Barrio Artificio<\/a><div class=\"wp-block-latest-posts__post-excerpt\">En Rukapewma estamos muy orgullosos de compartir que hemos sido nominados al Premio Aporte Urbano (PAU) 2025 gracias a nuestro proyecto Circuito Espacios P\u00fablicos Barrio&#8230; <a class=\"wp-block-latest-posts__read-more\" href=\"https:\/\/rukapewma.cl\/EGIS\/rukapewma-nominada-al-premio-aporte-urbano-pau-2025-por-circuito-de-espacios-publicos-en-barrio-artificio\/\" rel=\"noopener noreferrer\">Lee m\u00e1s<span class=\"screen-reader-text\">: RUKAPEWMA nominada al Premio Aporte Urbano (PAU) 2025 por Circuito de Espacios P\u00fablicos en Barrio Artificio<\/span><\/a><\/div><\/li>\n<li><div class=\"wp-block-latest-posts__featured-image alignleft\"><img decoding=\"async\" width=\"300\" height=\"169\" data-src=\"https:\/\/rukapewma.cl\/EGIS\/wp-content\/uploads\/2025\/11\/IMG_8659-300x169.jpg\" class=\"attachment-medium size-medium wp-post-image lazyload\" alt=\"Entrega 100% Plaza Campo Alegre I Y II\" data-srcset=\"https:\/\/rukapewma.cl\/EGIS\/wp-content\/uploads\/2025\/11\/IMG_8659-300x169.jpg 300w, https:\/\/rukapewma.cl\/EGIS\/wp-content\/uploads\/2025\/11\/IMG_8659-1024x578.jpg 1024w, https:\/\/rukapewma.cl\/EGIS\/wp-content\/uploads\/2025\/11\/IMG_8659-768x434.jpg 768w, https:\/\/rukapewma.cl\/EGIS\/wp-content\/uploads\/2025\/11\/IMG_8659-1536x867.jpg 1536w, https:\/\/rukapewma.cl\/EGIS\/wp-content\/uploads\/2025\/11\/IMG_8659-2048x1156.jpg 2048w\" data-sizes=\"(max-width: 300px) 100vw, 300px\" src=\"data:image\/svg+xml;base64,PHN2ZyB3aWR0aD0iMSIgaGVpZ2h0PSIxIiB4bWxucz0iaHR0cDovL3d3dy53My5vcmcvMjAwMC9zdmciPjwvc3ZnPg==\" style=\"--smush-placeholder-width: 300px; --smush-placeholder-aspect-ratio: 300\/169;\" \/><\/div><a class=\"wp-block-latest-posts__post-title\" href=\"https:\/\/rukapewma.cl\/EGIS\/comunidad-de-artificio-celebra-la-entrega-del-100-de-las-obras-en-las-plazas-campo-alegre-i-y-ii\/\">Comunidad de Artificio celebra la entrega del 100% de las obras en las plazas Campo Alegre I y II<\/a><div class=\"wp-block-latest-posts__post-excerpt\">La actividad contemplo la entrega de manual de uso para que la comunidad cuide de manera responsable los espacios. La semana pasada vivimos un momento&#8230; <a class=\"wp-block-latest-posts__read-more\" href=\"https:\/\/rukapewma.cl\/EGIS\/comunidad-de-artificio-celebra-la-entrega-del-100-de-las-obras-en-las-plazas-campo-alegre-i-y-ii\/\" rel=\"noopener noreferrer\">Lee m\u00e1s<span class=\"screen-reader-text\">: Comunidad de Artificio celebra la entrega del 100% de las obras en las plazas Campo Alegre I y II<\/span><\/a><\/div><\/li>\n<li><div class=\"wp-block-latest-posts__featured-image alignleft\"><img decoding=\"async\" width=\"300\" height=\"170\" data-src=\"https:\/\/rukapewma.cl\/EGIS\/wp-content\/uploads\/2025\/11\/EP-300x170.jpeg\" class=\"attachment-medium size-medium wp-post-image lazyload\" alt=\"\" data-srcset=\"https:\/\/rukapewma.cl\/EGIS\/wp-content\/uploads\/2025\/11\/EP-300x170.jpeg 300w, https:\/\/rukapewma.cl\/EGIS\/wp-content\/uploads\/2025\/11\/EP-1024x580.jpeg 1024w, https:\/\/rukapewma.cl\/EGIS\/wp-content\/uploads\/2025\/11\/EP-768x435.jpeg 768w, https:\/\/rukapewma.cl\/EGIS\/wp-content\/uploads\/2025\/11\/EP.jpeg 1187w\" data-sizes=\"(max-width: 300px) 100vw, 300px\" src=\"data:image\/svg+xml;base64,PHN2ZyB3aWR0aD0iMSIgaGVpZ2h0PSIxIiB4bWxucz0iaHR0cDovL3d3dy53My5vcmcvMjAwMC9zdmciPjwvc3ZnPg==\" style=\"--smush-placeholder-width: 300px; --smush-placeholder-aspect-ratio: 300\/170;\" \/><\/div><a class=\"wp-block-latest-posts__post-title\" href=\"https:\/\/rukapewma.cl\/EGIS\/en-rukapewma-alcanzamos-un-puntaje-9586-otorgado-por-serviu-reafirmando-nuestro-compromiso-con-las-familias-y-los-territorios\/\">En Rukapewma alcanzamos un puntaje 95,86 otorgado por Serviu, reafirmando nuestro compromiso con las familias y los territorios<\/a><div class=\"wp-block-latest-posts__post-excerpt\">Con casi dos d\u00e9cadas de trabajo, hemos acompa\u00f1ado a m\u00e1s de 10.000 familias desde la Regi\u00f3n de Los Lagos hasta la Regi\u00f3n de Valpara\u00edso. En&#8230; <a class=\"wp-block-latest-posts__read-more\" href=\"https:\/\/rukapewma.cl\/EGIS\/en-rukapewma-alcanzamos-un-puntaje-9586-otorgado-por-serviu-reafirmando-nuestro-compromiso-con-las-familias-y-los-territorios\/\" rel=\"noopener noreferrer\">Lee m\u00e1s<span class=\"screen-reader-text\">: En Rukapewma alcanzamos un puntaje 95,86 otorgado por Serviu, reafirmando nuestro compromiso con las familias y los territorios<\/span><\/a><\/div><\/li>\n<\/ul>\n\n\n<p><\/p>\n","protected":false},"excerpt":{"rendered":"","protected":false},"author":2,"featured_media":0,"parent":0,"menu_order":0,"comment_status":"closed","ping_status":"closed","template":"","meta":{"_monsterinsights_skip_tracking":false,"_monsterinsights_sitenote_active":false,"_monsterinsights_sitenote_note":"","_monsterinsights_sitenote_category":0,"site-sidebar-layout":"default","site-content-layout":"","ast-site-content-layout":"default","site-content-style":"default","site-sidebar-style":"default","ast-global-header-display":"","ast-banner-title-visibility":"","ast-main-header-display":"","ast-hfb-above-header-display":"","ast-hfb-below-header-display":"","ast-hfb-mobile-header-display":"","site-post-title":"disabled","ast-breadcrumbs-content":"","ast-featured-img":"","footer-sml-layout":"","theme-transparent-header-meta":"","adv-header-id-meta":"","stick-header-meta":"","header-above-stick-meta":"","header-main-stick-meta":"","header-below-stick-meta":"","astra-migrate-meta-layouts":"set","ast-page-background-enabled":"default","ast-page-background-meta":{"desktop":{"background-color":"","background-image":"","background-repeat":"repeat","background-position":"center center","background-size":"auto","background-attachment":"scroll","background-type":"","background-media":"","overlay-type":"","overlay-color":"","overlay-gradient":""},"tablet":{"background-color":"","background-image":"","background-repeat":"repeat","background-position":"center center","background-size":"auto","background-attachment":"scroll","background-type":"","background-media":"","overlay-type":"","overlay-color":"","overlay-gradient":""},"mobile":{"background-color":"","background-image":"","background-repeat":"repeat","background-position":"center center","background-size":"auto","background-attachment":"scroll","background-type":"","background-media":"","overlay-type":"","overlay-color":"","overlay-gradient":""}},"ast-content-background-meta":{"desktop":{"background-color":"var(--ast-global-color-5)","background-image":"","background-repeat":"repeat","background-position":"center center","background-size":"auto","background-attachment":"scroll","background-type":"","background-media":"","overlay-type":"","overlay-color":"","overlay-gradient":""},"tablet":{"background-color":"var(--ast-global-color-5)","background-image":"","background-repeat":"repeat","background-position":"center center","background-size":"auto","background-attachment":"scroll","background-type":"","background-media":"","overlay-type":"","overlay-color":"","overlay-gradient":""},"mobile":{"background-color":"var(--ast-global-color-5)","background-image":"","background-repeat":"repeat","background-position":"center center","background-size":"auto","background-attachment":"scroll","background-type":"","background-media":"","overlay-type":"","overlay-color":"","overlay-gradient":""}},"footnotes":""},"class_list":["post-5162","page","type-page","status-publish","hentry"],"_links":{"self":[{"href":"https:\/\/rukapewma.cl\/EGIS\/wp-json\/wp\/v2\/pages\/5162","targetHints":{"allow":["GET"]}}],"collection":[{"href":"https:\/\/rukapewma.cl\/EGIS\/wp-json\/wp\/v2\/pages"}],"about":[{"href":"https:\/\/rukapewma.cl\/EGIS\/wp-json\/wp\/v2\/types\/page"}],"author":[{"embeddable":true,"href":"https:\/\/rukapewma.cl\/EGIS\/wp-json\/wp\/v2\/users\/2"}],"replies":[{"embeddable":true,"href":"https:\/\/rukapewma.cl\/EGIS\/wp-json\/wp\/v2\/comments?post=5162"}],"version-history":[{"count":8,"href":"https:\/\/rukapewma.cl\/EGIS\/wp-json\/wp\/v2\/pages\/5162\/revisions"}],"predecessor-version":[{"id":5178,"href":"https:\/\/rukapewma.cl\/EGIS\/wp-json\/wp\/v2\/pages\/5162\/revisions\/5178"}],"wp:attachment":[{"href":"https:\/\/rukapewma.cl\/EGIS\/wp-json\/wp\/v2\/media?parent=5162"}],"curies":[{"name":"wp","href":"https:\/\/api.w.org\/{rel}","templated":true}]}}